{"id":23,"date":"2014-03-09T19:22:30","date_gmt":"2014-03-09T18:22:30","guid":{"rendered":"https:\/\/x2d2.de\/blog\/?page_id=23"},"modified":"2018-05-26T08:04:33","modified_gmt":"2018-05-26T06:04:33","slug":"gaestebuch","status":"publish","type":"page","link":"https:\/\/x2d2.de\/blog\/index.php\/gaestebuch\/","title":{"rendered":"G\u00e4stebuch"},"content":{"rendered":"<p>Hallo,<\/p>\n<p>bitte hinterlassen Sie hier kommentare zur Seite, ob Sie Ihnen gef\u00e4llt oder nicht und warum.<\/p>\n<p>Konstruktive Kritik ist immer willkommen.<\/p>\n<p><strong>Durch das hinterlassen eines Kommentars stimmst du zu, dass deine Daten verarbeitet werden d\u00fcrfen.<\/strong><\/p>\n<p>Viele Gr\u00fc\u00dfe<\/p>\n","protected":false},"excerpt":{"rendered":"<p>Hallo, bitte hinterlassen Sie hier kommentare zur Seite, ob Sie Ihnen gef\u00e4llt oder nicht und warum. Konstruktive Kritik ist immer willkommen. Durch das hinterlassen eines Kommentars stimmst du zu, dass deine Daten verarbeitet werden d\u00fcrfen. Viele Gr\u00fc\u00dfe<\/p>\n","protected":false},"author":1,"featured_media":0,"parent":0,"menu_order":0,"comment_status":"open","ping_status":"open","template":"","meta":{"footnotes":""},"class_list":["post-23","page","type-page","status-publish","hentry"],"_links":{"self":[{"href":"https:\/\/x2d2.de\/blog\/index.php\/wp-json\/wp\/v2\/pages\/23","targetHints":{"allow":["GET"]}}],"collection":[{"href":"https:\/\/x2d2.de\/blog\/index.php\/wp-json\/wp\/v2\/pages"}],"about":[{"href":"https:\/\/x2d2.de\/blog\/index.php\/wp-json\/wp\/v2\/types\/page"}],"author":[{"embeddable":true,"href":"https:\/\/x2d2.de\/blog\/index.php\/wp-json\/wp\/v2\/users\/1"}],"replies":[{"embeddable":true,"href":"https:\/\/x2d2.de\/blog\/index.php\/wp-json\/wp\/v2\/comments?post=23"}],"version-history":[{"count":3,"href":"https:\/\/x2d2.de\/blog\/index.php\/wp-json\/wp\/v2\/pages\/23\/revisions"}],"predecessor-version":[{"id":165,"href":"https:\/\/x2d2.de\/blog\/index.php\/wp-json\/wp\/v2\/pages\/23\/revisions\/165"}],"wp:attachment":[{"href":"https:\/\/x2d2.de\/blog\/index.php\/wp-json\/wp\/v2\/media?parent=23"}],"curies":[{"name":"wp","href":"https:\/\/api.w.org\/{rel}","templated":true}]}}